{"id":1409,"date":"2022-06-15T14:05:20","date_gmt":"2022-06-15T12:05:20","guid":{"rendered":"http:\/\/bigoriginal.cz\/?page_id=1409"},"modified":"2022-06-15T14:05:20","modified_gmt":"2022-06-15T12:05:20","slug":"kapske-mesto-2007-d","status":"publish","type":"page","link":"https:\/\/bigoriginal.cz\/?page_id=1409","title":{"rendered":"Kapsk\u00e9 m\u011bsto 2007 D"},"content":{"rendered":"<h3>Kapsk\u00e9 m\u011bsto, Jihoafrick\u00e1 republika, 5. \u00fanora 2007<\/h3>\n<div id='gallery-1' class='gallery galleryid-1409 gallery-columns-3 gallery-size-thumbnail'><figure class='gallery-item'>\n\t\t\t<div class='gallery-icon landscape'>\n\t\t\t\t<a href='https:\/\/bigoriginal.cz\/?attachment_id=1429'><img width=\"150\" height=\"150\" src=\"https:\/\/bigoriginal.cz\/wp-content\/uploads\/2022\/06\/b-5D1385-150x150.jpg\" class=\"attachment-thumbnail size-thumbnail\" alt=\"\" decoding=\"async\" loading=\"lazy\" \/><\/a>\n\t\t\t<\/div><\/figure><figure class='gallery-item'>\n\t\t\t<div class='gallery-icon landscape'>\n\t\t\t\t<a href='https:\/\/bigoriginal.cz\/?attachment_id=1430'><img width=\"150\" height=\"150\" src=\"https:\/\/bigoriginal.cz\/wp-content\/uploads\/2022\/06\/b-5D1387-150x150.jpg\" class=\"attachment-thumbnail size-thumbnail\" alt=\"\" decoding=\"async\" loading=\"lazy\" \/><\/a>\n\t\t\t<\/div><\/figure><figure class='gallery-item'>\n\t\t\t<div class='gallery-icon landscape'>\n\t\t\t\t<a href='https:\/\/bigoriginal.cz\/?attachment_id=1431'><img width=\"150\" height=\"150\" src=\"https:\/\/bigoriginal.cz\/wp-content\/uploads\/2022\/06\/b-5D1388-150x150.jpg\" class=\"attachment-thumbnail size-thumbnail\" alt=\"\" decoding=\"async\" loading=\"lazy\" \/><\/a>\n\t\t\t<\/div><\/figure><figure class='gallery-item'>\n\t\t\t<div class='gallery-icon landscape'>\n\t\t\t\t<a href='https:\/\/bigoriginal.cz\/?attachment_id=1432'><img width=\"150\" height=\"150\" src=\"https:\/\/bigoriginal.cz\/wp-content\/uploads\/2022\/06\/b-5D1389-150x150.jpg\" class=\"attachment-thumbnail size-thumbnail\" alt=\"\" decoding=\"async\" loading=\"lazy\" \/><\/a>\n\t\t\t<\/div><\/figure><figure class='gallery-item'>\n\t\t\t<div class='gallery-icon landscape'>\n\t\t\t\t<a href='https:\/\/bigoriginal.cz\/?attachment_id=1433'><img width=\"150\" height=\"150\" src=\"https:\/\/bigoriginal.cz\/wp-content\/uploads\/2022\/06\/b-5D1390-150x150.jpg\" class=\"attachment-thumbnail size-thumbnail\" alt=\"\" decoding=\"async\" loading=\"lazy\" \/><\/a>\n\t\t\t<\/div><\/figure><figure class='gallery-item'>\n\t\t\t<div class='gallery-icon landscape'>\n\t\t\t\t<a href='https:\/\/bigoriginal.cz\/?attachment_id=1411'><img width=\"150\" height=\"150\" src=\"https:\/\/bigoriginal.cz\/wp-content\/uploads\/2022\/06\/b-5D1391-150x150.jpg\" class=\"attachment-thumbnail size-thumbnail\" alt=\"\" decoding=\"async\" loading=\"lazy\" \/><\/a>\n\t\t\t<\/div><\/figure><figure class='gallery-item'>\n\t\t\t<div class='gallery-icon landscape'>\n\t\t\t\t<a href='https:\/\/bigoriginal.cz\/?attachment_id=1412'><img width=\"150\" height=\"150\" src=\"https:\/\/bigoriginal.cz\/wp-content\/uploads\/2022\/06\/b-5D1392-150x150.jpg\" class=\"attachment-thumbnail size-thumbnail\" alt=\"\" decoding=\"async\" loading=\"lazy\" \/><\/a>\n\t\t\t<\/div><\/figure><figure class='gallery-item'>\n\t\t\t<div class='gallery-icon landscape'>\n\t\t\t\t<a href='https:\/\/bigoriginal.cz\/?attachment_id=1413'><img width=\"150\" height=\"150\" src=\"https:\/\/bigoriginal.cz\/wp-content\/uploads\/2022\/06\/b-5D1393-150x150.jpg\" class=\"attachment-thumbnail size-thumbnail\" alt=\"\" decoding=\"async\" loading=\"lazy\" \/><\/a>\n\t\t\t<\/div><\/figure><figure class='gallery-item'>\n\t\t\t<div class='gallery-icon landscape'>\n\t\t\t\t<a href='https:\/\/bigoriginal.cz\/?attachment_id=1414'><img width=\"150\" height=\"150\" src=\"https:\/\/bigoriginal.cz\/wp-content\/uploads\/2022\/06\/b-5D1394-150x150.jpg\" class=\"attachment-thumbnail size-thumbnail\" alt=\"\" decoding=\"async\" loading=\"lazy\" \/><\/a>\n\t\t\t<\/div><\/figure><figure class='gallery-item'>\n\t\t\t<div class='gallery-icon landscape'>\n\t\t\t\t<a href='https:\/\/bigoriginal.cz\/?attachment_id=1415'><img width=\"150\" height=\"150\" src=\"https:\/\/bigoriginal.cz\/wp-content\/uploads\/2022\/06\/b-5D1395-150x150.jpg\" class=\"attachment-thumbnail size-thumbnail\" alt=\"\" decoding=\"async\" loading=\"lazy\" \/><\/a>\n\t\t\t<\/div><\/figure><figure class='gallery-item'>\n\t\t\t<div class='gallery-icon landscape'>\n\t\t\t\t<a href='https:\/\/bigoriginal.cz\/?attachment_id=1416'><img width=\"150\" height=\"150\" src=\"https:\/\/bigoriginal.cz\/wp-content\/uploads\/2022\/06\/b-5D1396-150x150.jpg\" class=\"attachment-thumbnail size-thumbnail\" alt=\"\" decoding=\"async\" loading=\"lazy\" \/><\/a>\n\t\t\t<\/div><\/figure><figure class='gallery-item'>\n\t\t\t<div class='gallery-icon landscape'>\n\t\t\t\t<a href='https:\/\/bigoriginal.cz\/?attachment_id=1417'><img width=\"150\" height=\"150\" src=\"https:\/\/bigoriginal.cz\/wp-content\/uploads\/2022\/06\/b-5D1397-150x150.jpg\" class=\"attachment-thumbnail size-thumbnail\" alt=\"\" decoding=\"async\" loading=\"lazy\" \/><\/a>\n\t\t\t<\/div><\/figure><figure class='gallery-item'>\n\t\t\t<div class='gallery-icon landscape'>\n\t\t\t\t<a href='https:\/\/bigoriginal.cz\/?attachment_id=1418'><img width=\"150\" height=\"150\" src=\"https:\/\/bigoriginal.cz\/wp-content\/uploads\/2022\/06\/b-5D1398-150x150.jpg\" class=\"attachment-thumbnail size-thumbnail\" alt=\"\" decoding=\"async\" loading=\"lazy\" \/><\/a>\n\t\t\t<\/div><\/figure><figure class='gallery-item'>\n\t\t\t<div class='gallery-icon landscape'>\n\t\t\t\t<a href='https:\/\/bigoriginal.cz\/?attachment_id=1419'><img width=\"150\" height=\"150\" src=\"https:\/\/bigoriginal.cz\/wp-content\/uploads\/2022\/06\/b-5D1399-150x150.jpg\" class=\"attachment-thumbnail size-thumbnail\" alt=\"\" decoding=\"async\" loading=\"lazy\" \/><\/a>\n\t\t\t<\/div><\/figure><figure class='gallery-item'>\n\t\t\t<div class='gallery-icon landscape'>\n\t\t\t\t<a href='https:\/\/bigoriginal.cz\/?attachment_id=1420'><img width=\"150\" height=\"150\" src=\"https:\/\/bigoriginal.cz\/wp-content\/uploads\/2022\/06\/b-5D1400-150x150.jpg\" class=\"attachment-thumbnail size-thumbnail\" alt=\"\" decoding=\"async\" loading=\"lazy\" \/><\/a>\n\t\t\t<\/div><\/figure><figure class='gallery-item'>\n\t\t\t<div class='gallery-icon landscape'>\n\t\t\t\t<a href='https:\/\/bigoriginal.cz\/?attachment_id=1421'><img width=\"150\" height=\"150\" src=\"https:\/\/bigoriginal.cz\/wp-content\/uploads\/2022\/06\/b-5D1401-150x150.jpg\" class=\"attachment-thumbnail size-thumbnail\" alt=\"\" decoding=\"async\" loading=\"lazy\" \/><\/a>\n\t\t\t<\/div><\/figure><figure class='gallery-item'>\n\t\t\t<div class='gallery-icon landscape'>\n\t\t\t\t<a href='https:\/\/bigoriginal.cz\/?attachment_id=1422'><img width=\"150\" height=\"150\" src=\"https:\/\/bigoriginal.cz\/wp-content\/uploads\/2022\/06\/b-5D1403-150x150.jpg\" class=\"attachment-thumbnail size-thumbnail\" alt=\"\" decoding=\"async\" loading=\"lazy\" \/><\/a>\n\t\t\t<\/div><\/figure><figure class='gallery-item'>\n\t\t\t<div class='gallery-icon landscape'>\n\t\t\t\t<a href='https:\/\/bigoriginal.cz\/?attachment_id=1423'><img width=\"150\" height=\"150\" src=\"https:\/\/bigoriginal.cz\/wp-content\/uploads\/2022\/06\/b-5D1404-150x150.jpg\" class=\"attachment-thumbnail size-thumbnail\" alt=\"\" decoding=\"async\" loading=\"lazy\" \/><\/a>\n\t\t\t<\/div><\/figure><figure class='gallery-item'>\n\t\t\t<div class='gallery-icon landscape'>\n\t\t\t\t<a href='https:\/\/bigoriginal.cz\/?attachment_id=1424'><img width=\"150\" height=\"150\" src=\"https:\/\/bigoriginal.cz\/wp-content\/uploads\/2022\/06\/b-5D1407-150x150.jpg\" class=\"attachment-thumbnail size-thumbnail\" alt=\"\" decoding=\"async\" loading=\"lazy\" \/><\/a>\n\t\t\t<\/div><\/figure><figure class='gallery-item'>\n\t\t\t<div class='gallery-icon landscape'>\n\t\t\t\t<a href='https:\/\/bigoriginal.cz\/?attachment_id=1425'><img width=\"150\" height=\"150\" src=\"https:\/\/bigoriginal.cz\/wp-content\/uploads\/2022\/06\/b-5D1415-150x150.jpg\" class=\"attachment-thumbnail size-thumbnail\" alt=\"\" decoding=\"async\" loading=\"lazy\" \/><\/a>\n\t\t\t<\/div><\/figure><figure class='gallery-item'>\n\t\t\t<div class='gallery-icon landscape'>\n\t\t\t\t<a href='https:\/\/bigoriginal.cz\/?attachment_id=1426'><img width=\"150\" height=\"150\" src=\"https:\/\/bigoriginal.cz\/wp-content\/uploads\/2022\/06\/b-5D1416-150x150.jpg\" class=\"attachment-thumbnail size-thumbnail\" alt=\"\" decoding=\"async\" loading=\"lazy\" \/><\/a>\n\t\t\t<\/div><\/figure><figure class='gallery-item'>\n\t\t\t<div class='gallery-icon landscape'>\n\t\t\t\t<a href='https:\/\/bigoriginal.cz\/?attachment_id=1427'><img width=\"150\" height=\"150\" src=\"https:\/\/bigoriginal.cz\/wp-content\/uploads\/2022\/06\/b-5D1417-150x150.jpg\" class=\"attachment-thumbnail size-thumbnail\" alt=\"\" decoding=\"async\" loading=\"lazy\" \/><\/a>\n\t\t\t<\/div><\/figure><figure class='gallery-item'>\n\t\t\t<div class='gallery-icon landscape'>\n\t\t\t\t<a href='https:\/\/bigoriginal.cz\/?attachment_id=1428'><img width=\"150\" height=\"150\" src=\"https:\/\/bigoriginal.cz\/wp-content\/uploads\/2022\/06\/b-5D1418-150x150.jpg\" class=\"attachment-thumbnail size-thumbnail\" alt=\"\" decoding=\"async\" loading=\"lazy\" \/><\/a>\n\t\t\t<\/div><\/figure><figure class='gallery-item'>\n\t\t\t<div class='gallery-icon portrait'>\n\t\t\t\t<a href='https:\/\/bigoriginal.cz\/?attachment_id=1434'><img width=\"150\" height=\"150\" src=\"https:\/\/bigoriginal.cz\/wp-content\/uploads\/2022\/06\/b-5D1447-150x150.jpg\" class=\"attachment-thumbnail size-thumbnail\" alt=\"\" decoding=\"async\" loading=\"lazy\" \/><\/a>\n\t\t\t<\/div><\/figure><figure class='gallery-item'>\n\t\t\t<div class='gallery-icon portrait'>\n\t\t\t\t<a href='https:\/\/bigoriginal.cz\/?attachment_id=1435'><img width=\"150\" height=\"150\" src=\"https:\/\/bigoriginal.cz\/wp-content\/uploads\/2022\/06\/b-5D1450-150x150.jpg\" class=\"attachment-thumbnail size-thumbnail\" alt=\"\" decoding=\"async\" loading=\"lazy\" \/><\/a>\n\t\t\t<\/div><\/figure><figure class='gallery-item'>\n\t\t\t<div class='gallery-icon portrait'>\n\t\t\t\t<a href='https:\/\/bigoriginal.cz\/?attachment_id=1436'><img width=\"150\" height=\"150\" src=\"https:\/\/bigoriginal.cz\/wp-content\/uploads\/2022\/06\/b-5D1451-150x150.jpg\" class=\"attachment-thumbnail size-thumbnail\" alt=\"\" decoding=\"async\" loading=\"lazy\" \/><\/a>\n\t\t\t<\/div><\/figure><figure class='gallery-item'>\n\t\t\t<div class='gallery-icon portrait'>\n\t\t\t\t<a href='https:\/\/bigoriginal.cz\/?attachment_id=1437'><img width=\"150\" height=\"150\" src=\"https:\/\/bigoriginal.cz\/wp-content\/uploads\/2022\/06\/b-5D1452-150x150.jpg\" class=\"attachment-thumbnail size-thumbnail\" alt=\"\" decoding=\"async\" loading=\"lazy\" \/><\/a>\n\t\t\t<\/div><\/figure><figure class='gallery-item'>\n\t\t\t<div class='gallery-icon portrait'>\n\t\t\t\t<a href='https:\/\/bigoriginal.cz\/?attachment_id=1438'><img width=\"150\" height=\"150\" src=\"https:\/\/bigoriginal.cz\/wp-content\/uploads\/2022\/06\/b-5D1453-150x150.jpg\" class=\"attachment-thumbnail size-thumbnail\" alt=\"\" decoding=\"async\" loading=\"lazy\" \/><\/a>\n\t\t\t<\/div><\/figure><figure class='gallery-item'>\n\t\t\t<div class='gallery-icon portrait'>\n\t\t\t\t<a href='https:\/\/bigoriginal.cz\/?attachment_id=1439'><img width=\"150\" height=\"150\" src=\"https:\/\/bigoriginal.cz\/wp-content\/uploads\/2022\/06\/b-5D1454-150x150.jpg\" class=\"attachment-thumbnail size-thumbnail\" alt=\"\" decoding=\"async\" loading=\"lazy\" \/><\/a>\n\t\t\t<\/div><\/figure><figure class='gallery-item'>\n\t\t\t<div class='gallery-icon portrait'>\n\t\t\t\t<a href='https:\/\/bigoriginal.cz\/?attachment_id=1440'><img width=\"150\" height=\"150\" src=\"https:\/\/bigoriginal.cz\/wp-content\/uploads\/2022\/06\/b-5D1455-150x150.jpg\" class=\"attachment-thumbnail size-thumbnail\" alt=\"\" decoding=\"async\" loading=\"lazy\" \/><\/a>\n\t\t\t<\/div><\/figure><figure class='gallery-item'>\n\t\t\t<div class='gallery-icon portrait'>\n\t\t\t\t<a href='https:\/\/bigoriginal.cz\/?attachment_id=1441'><img width=\"150\" height=\"150\" src=\"https:\/\/bigoriginal.cz\/wp-content\/uploads\/2022\/06\/b-5D1456-150x150.jpg\" class=\"attachment-thumbnail size-thumbnail\" alt=\"\" decoding=\"async\" loading=\"lazy\" \/><\/a>\n\t\t\t<\/div><\/figure>\n\t\t<\/div>\n\n","protected":false},"excerpt":{"rendered":"<p>Kapsk\u00e9 m\u011bsto, Jihoafrick\u00e1 republika, 5. \u00fanora 2007<\/p>\n","protected":false},"author":1,"featured_media":0,"parent":415,"menu_order":9480,"comment_status":"closed","ping_status":"closed","template":"","meta":[],"_links":{"self":[{"href":"https:\/\/bigoriginal.cz\/index.php?rest_route=\/wp\/v2\/pages\/1409"}],"collection":[{"href":"https:\/\/bigoriginal.cz\/index.php?rest_route=\/wp\/v2\/pages"}],"about":[{"href":"https:\/\/bigoriginal.cz\/index.php?rest_route=\/wp\/v2\/types\/page"}],"author":[{"embeddable":true,"href":"https:\/\/bigoriginal.cz\/index.php?rest_route=\/wp\/v2\/users\/1"}],"replies":[{"embeddable":true,"href":"https:\/\/bigoriginal.cz\/index.php?rest_route=%2Fwp%2Fv2%2Fcomments&post=1409"}],"version-history":[{"count":2,"href":"https:\/\/bigoriginal.cz\/index.php?rest_route=\/wp\/v2\/pages\/1409\/revisions"}],"predecessor-version":[{"id":1442,"href":"https:\/\/bigoriginal.cz\/index.php?rest_route=\/wp\/v2\/pages\/1409\/revisions\/1442"}],"up":[{"embeddable":true,"href":"https:\/\/bigoriginal.cz\/index.php?rest_route=\/wp\/v2\/pages\/415"}],"wp:attachment":[{"href":"https:\/\/bigoriginal.cz\/index.php?rest_route=%2Fwp%2Fv2%2Fmedia&parent=1409"}],"curies":[{"name":"wp","href":"https:\/\/api.w.org\/{rel}","templated":true}]}}