{"id":2015,"date":"2023-02-09T14:26:28","date_gmt":"2023-02-09T13:26:28","guid":{"rendered":"https:\/\/bigoriginal.cz\/?page_id=2015"},"modified":"2023-02-09T14:26:28","modified_gmt":"2023-02-09T13:26:28","slug":"praha-2007-panorama","status":"publish","type":"page","link":"https:\/\/bigoriginal.cz\/?page_id=2015","title":{"rendered":"Praha 2007 panorama"},"content":{"rendered":"<h3>Praha, 30. z\u00e1\u0159\u00ed 2007, panorama<\/h3>\n<div id='gallery-1' class='gallery galleryid-2015 gallery-columns-3 gallery-size-thumbnail'><figure class='gallery-item'>\n\t\t\t<div class='gallery-icon landscape'>\n\t\t\t\t<a href='https:\/\/bigoriginal.cz\/?attachment_id=2019'><img width=\"150\" height=\"150\" src=\"https:\/\/bigoriginal.cz\/wp-content\/uploads\/2023\/02\/b-5D5187-150x150.jpg\" class=\"attachment-thumbnail size-thumbnail\" alt=\"\" decoding=\"async\" loading=\"lazy\" \/><\/a>\n\t\t\t<\/div><\/figure><figure class='gallery-item'>\n\t\t\t<div class='gallery-icon portrait'>\n\t\t\t\t<a href='https:\/\/bigoriginal.cz\/?attachment_id=2020'><img width=\"150\" height=\"150\" src=\"https:\/\/bigoriginal.cz\/wp-content\/uploads\/2023\/02\/b-5D5208-150x150.jpg\" class=\"attachment-thumbnail size-thumbnail\" alt=\"\" decoding=\"async\" loading=\"lazy\" \/><\/a>\n\t\t\t<\/div><\/figure><figure class='gallery-item'>\n\t\t\t<div class='gallery-icon portrait'>\n\t\t\t\t<a href='https:\/\/bigoriginal.cz\/?attachment_id=2021'><img width=\"150\" height=\"150\" src=\"https:\/\/bigoriginal.cz\/wp-content\/uploads\/2023\/02\/b-5D5281-150x150.jpg\" class=\"attachment-thumbnail size-thumbnail\" alt=\"\" decoding=\"async\" loading=\"lazy\" \/><\/a>\n\t\t\t<\/div><\/figure><figure class='gallery-item'>\n\t\t\t<div class='gallery-icon landscape'>\n\t\t\t\t<a href='https:\/\/bigoriginal.cz\/?attachment_id=2022'><img width=\"150\" height=\"150\" src=\"https:\/\/bigoriginal.cz\/wp-content\/uploads\/2023\/02\/b-5D6334-150x150.jpg\" class=\"attachment-thumbnail size-thumbnail\" alt=\"\" decoding=\"async\" loading=\"lazy\" \/><\/a>\n\t\t\t<\/div><\/figure><figure class='gallery-item'>\n\t\t\t<div class='gallery-icon landscape'>\n\t\t\t\t<a href='https:\/\/bigoriginal.cz\/?attachment_id=2023'><img width=\"150\" height=\"150\" src=\"https:\/\/bigoriginal.cz\/wp-content\/uploads\/2023\/02\/b-5D6349-150x150.jpg\" class=\"attachment-thumbnail size-thumbnail\" alt=\"\" decoding=\"async\" loading=\"lazy\" \/><\/a>\n\t\t\t<\/div><\/figure><figure class='gallery-item'>\n\t\t\t<div class='gallery-icon landscape'>\n\t\t\t\t<a href='https:\/\/bigoriginal.cz\/?attachment_id=2024'><img width=\"150\" height=\"150\" src=\"https:\/\/bigoriginal.cz\/wp-content\/uploads\/2023\/02\/b-5D6352-150x150.jpg\" class=\"attachment-thumbnail size-thumbnail\" alt=\"\" decoding=\"async\" loading=\"lazy\" \/><\/a>\n\t\t\t<\/div><\/figure>\n\t\t<\/div>\n\n","protected":false},"excerpt":{"rendered":"<p>Praha, 30. z\u00e1\u0159\u00ed 2007, panorama<\/p>\n","protected":false},"author":1,"featured_media":0,"parent":415,"menu_order":9425,"comment_status":"closed","ping_status":"closed","template":"","meta":[],"_links":{"self":[{"href":"https:\/\/bigoriginal.cz\/index.php?rest_route=\/wp\/v2\/pages\/2015"}],"collection":[{"href":"https:\/\/bigoriginal.cz\/index.php?rest_route=\/wp\/v2\/pages"}],"about":[{"href":"https:\/\/bigoriginal.cz\/index.php?rest_route=\/wp\/v2\/types\/page"}],"author":[{"embeddable":true,"href":"https:\/\/bigoriginal.cz\/index.php?rest_route=\/wp\/v2\/users\/1"}],"replies":[{"embeddable":true,"href":"https:\/\/bigoriginal.cz\/index.php?rest_route=%2Fwp%2Fv2%2Fcomments&post=2015"}],"version-history":[{"count":2,"href":"https:\/\/bigoriginal.cz\/index.php?rest_route=\/wp\/v2\/pages\/2015\/revisions"}],"predecessor-version":[{"id":2025,"href":"https:\/\/bigoriginal.cz\/index.php?rest_route=\/wp\/v2\/pages\/2015\/revisions\/2025"}],"up":[{"embeddable":true,"href":"https:\/\/bigoriginal.cz\/index.php?rest_route=\/wp\/v2\/pages\/415"}],"wp:attachment":[{"href":"https:\/\/bigoriginal.cz\/index.php?rest_route=%2Fwp%2Fv2%2Fmedia&parent=2015"}],"curies":[{"name":"wp","href":"https:\/\/api.w.org\/{rel}","templated":true}]}}