{"id":2017,"date":"2023-02-09T14:34:27","date_gmt":"2023-02-09T13:34:27","guid":{"rendered":"https:\/\/bigoriginal.cz\/?page_id=2017"},"modified":"2023-02-09T14:34:27","modified_gmt":"2023-02-09T13:34:27","slug":"praha-2007-2","status":"publish","type":"page","link":"https:\/\/bigoriginal.cz\/?page_id=2017","title":{"rendered":"Praha 2007"},"content":{"rendered":"<h3>Praha, 30. z\u00e1\u0159\u00ed 2007<\/h3>\n<div id='gallery-1' class='gallery galleryid-2017 gallery-columns-3 gallery-size-thumbnail'><figure class='gallery-item'>\n\t\t\t<div class='gallery-icon landscape'>\n\t\t\t\t<a href='https:\/\/bigoriginal.cz\/?attachment_id=2027'><img width=\"150\" height=\"150\" src=\"https:\/\/bigoriginal.cz\/wp-content\/uploads\/2023\/02\/b-5D5192-150x150.jpg\" class=\"attachment-thumbnail size-thumbnail\" alt=\"\" decoding=\"async\" loading=\"lazy\" \/><\/a>\n\t\t\t<\/div><\/figure><figure class='gallery-item'>\n\t\t\t<div class='gallery-icon landscape'>\n\t\t\t\t<a href='https:\/\/bigoriginal.cz\/?attachment_id=2028'><img width=\"150\" height=\"150\" src=\"https:\/\/bigoriginal.cz\/wp-content\/uploads\/2023\/02\/b-5D5193-150x150.jpg\" class=\"attachment-thumbnail size-thumbnail\" alt=\"\" decoding=\"async\" loading=\"lazy\" \/><\/a>\n\t\t\t<\/div><\/figure><figure class='gallery-item'>\n\t\t\t<div class='gallery-icon portrait'>\n\t\t\t\t<a href='https:\/\/bigoriginal.cz\/?attachment_id=2029'><img width=\"150\" height=\"150\" src=\"https:\/\/bigoriginal.cz\/wp-content\/uploads\/2023\/02\/b-5D5198-150x150.jpg\" class=\"attachment-thumbnail size-thumbnail\" alt=\"\" decoding=\"async\" loading=\"lazy\" \/><\/a>\n\t\t\t<\/div><\/figure><figure class='gallery-item'>\n\t\t\t<div class='gallery-icon portrait'>\n\t\t\t\t<a href='https:\/\/bigoriginal.cz\/?attachment_id=2030'><img width=\"150\" height=\"150\" src=\"https:\/\/bigoriginal.cz\/wp-content\/uploads\/2023\/02\/b-5D5206-150x150.jpg\" class=\"attachment-thumbnail size-thumbnail\" alt=\"\" decoding=\"async\" loading=\"lazy\" \/><\/a>\n\t\t\t<\/div><\/figure><figure class='gallery-item'>\n\t\t\t<div class='gallery-icon portrait'>\n\t\t\t\t<a href='https:\/\/bigoriginal.cz\/?attachment_id=2031'><img width=\"150\" height=\"150\" src=\"https:\/\/bigoriginal.cz\/wp-content\/uploads\/2023\/02\/b-5D5211-150x150.jpg\" class=\"attachment-thumbnail size-thumbnail\" alt=\"\" decoding=\"async\" loading=\"lazy\" \/><\/a>\n\t\t\t<\/div><\/figure><figure class='gallery-item'>\n\t\t\t<div class='gallery-icon landscape'>\n\t\t\t\t<a href='https:\/\/bigoriginal.cz\/?attachment_id=2032'><img width=\"150\" height=\"150\" src=\"https:\/\/bigoriginal.cz\/wp-content\/uploads\/2023\/02\/b-5D5216-150x150.jpg\" class=\"attachment-thumbnail size-thumbnail\" alt=\"\" decoding=\"async\" loading=\"lazy\" \/><\/a>\n\t\t\t<\/div><\/figure><figure class='gallery-item'>\n\t\t\t<div class='gallery-icon portrait'>\n\t\t\t\t<a href='https:\/\/bigoriginal.cz\/?attachment_id=2033'><img width=\"150\" height=\"150\" src=\"https:\/\/bigoriginal.cz\/wp-content\/uploads\/2023\/02\/b-5D5225-150x150.jpg\" class=\"attachment-thumbnail size-thumbnail\" alt=\"\" decoding=\"async\" loading=\"lazy\" \/><\/a>\n\t\t\t<\/div><\/figure><figure class='gallery-item'>\n\t\t\t<div class='gallery-icon portrait'>\n\t\t\t\t<a href='https:\/\/bigoriginal.cz\/?attachment_id=2034'><img width=\"150\" height=\"150\" src=\"https:\/\/bigoriginal.cz\/wp-content\/uploads\/2023\/02\/b-5D5273-150x150.jpg\" class=\"attachment-thumbnail size-thumbnail\" alt=\"\" decoding=\"async\" loading=\"lazy\" \/><\/a>\n\t\t\t<\/div><\/figure><figure class='gallery-item'>\n\t\t\t<div class='gallery-icon portrait'>\n\t\t\t\t<a href='https:\/\/bigoriginal.cz\/?attachment_id=2035'><img width=\"150\" height=\"150\" src=\"https:\/\/bigoriginal.cz\/wp-content\/uploads\/2023\/02\/b-5D5277-150x150.jpg\" class=\"attachment-thumbnail size-thumbnail\" alt=\"\" decoding=\"async\" loading=\"lazy\" \/><\/a>\n\t\t\t<\/div><\/figure><figure class='gallery-item'>\n\t\t\t<div class='gallery-icon portrait'>\n\t\t\t\t<a href='https:\/\/bigoriginal.cz\/?attachment_id=2036'><img width=\"150\" height=\"150\" src=\"https:\/\/bigoriginal.cz\/wp-content\/uploads\/2023\/02\/b-5D5283-150x150.jpg\" class=\"attachment-thumbnail size-thumbnail\" alt=\"\" decoding=\"async\" loading=\"lazy\" \/><\/a>\n\t\t\t<\/div><\/figure><figure class='gallery-item'>\n\t\t\t<div class='gallery-icon portrait'>\n\t\t\t\t<a href='https:\/\/bigoriginal.cz\/?attachment_id=2037'><img width=\"150\" height=\"150\" src=\"https:\/\/bigoriginal.cz\/wp-content\/uploads\/2023\/02\/b-5D5285-150x150.jpg\" class=\"attachment-thumbnail size-thumbnail\" alt=\"\" decoding=\"async\" loading=\"lazy\" \/><\/a>\n\t\t\t<\/div><\/figure><figure class='gallery-item'>\n\t\t\t<div class='gallery-icon portrait'>\n\t\t\t\t<a href='https:\/\/bigoriginal.cz\/?attachment_id=2038'><img width=\"150\" height=\"150\" src=\"https:\/\/bigoriginal.cz\/wp-content\/uploads\/2023\/02\/b-5D5286-150x150.jpg\" class=\"attachment-thumbnail size-thumbnail\" alt=\"\" decoding=\"async\" loading=\"lazy\" \/><\/a>\n\t\t\t<\/div><\/figure><figure class='gallery-item'>\n\t\t\t<div class='gallery-icon landscape'>\n\t\t\t\t<a href='https:\/\/bigoriginal.cz\/?attachment_id=2039'><img width=\"150\" height=\"150\" src=\"https:\/\/bigoriginal.cz\/wp-content\/uploads\/2023\/02\/b-5D5288-150x150.jpg\" class=\"attachment-thumbnail size-thumbnail\" alt=\"\" decoding=\"async\" loading=\"lazy\" \/><\/a>\n\t\t\t<\/div><\/figure><figure class='gallery-item'>\n\t\t\t<div class='gallery-icon landscape'>\n\t\t\t\t<a href='https:\/\/bigoriginal.cz\/?attachment_id=2040'><img width=\"150\" height=\"150\" src=\"https:\/\/bigoriginal.cz\/wp-content\/uploads\/2023\/02\/b-5D5291-150x150.jpg\" class=\"attachment-thumbnail size-thumbnail\" alt=\"\" decoding=\"async\" loading=\"lazy\" \/><\/a>\n\t\t\t<\/div><\/figure><figure class='gallery-item'>\n\t\t\t<div class='gallery-icon portrait'>\n\t\t\t\t<a href='https:\/\/bigoriginal.cz\/?attachment_id=2041'><img width=\"150\" height=\"150\" src=\"https:\/\/bigoriginal.cz\/wp-content\/uploads\/2023\/02\/b-5D5816-150x150.jpg\" class=\"attachment-thumbnail size-thumbnail\" alt=\"\" decoding=\"async\" loading=\"lazy\" \/><\/a>\n\t\t\t<\/div><\/figure><figure class='gallery-item'>\n\t\t\t<div class='gallery-icon portrait'>\n\t\t\t\t<a href='https:\/\/bigoriginal.cz\/?attachment_id=2042'><img width=\"150\" height=\"150\" src=\"https:\/\/bigoriginal.cz\/wp-content\/uploads\/2023\/02\/b-5D5834-150x150.jpg\" class=\"attachment-thumbnail size-thumbnail\" alt=\"\" decoding=\"async\" loading=\"lazy\" \/><\/a>\n\t\t\t<\/div><\/figure><figure class='gallery-item'>\n\t\t\t<div class='gallery-icon landscape'>\n\t\t\t\t<a href='https:\/\/bigoriginal.cz\/?attachment_id=2043'><img width=\"150\" height=\"150\" src=\"https:\/\/bigoriginal.cz\/wp-content\/uploads\/2023\/02\/b-5D5851-150x150.jpg\" class=\"attachment-thumbnail size-thumbnail\" alt=\"\" decoding=\"async\" loading=\"lazy\" \/><\/a>\n\t\t\t<\/div><\/figure><figure class='gallery-item'>\n\t\t\t<div class='gallery-icon landscape'>\n\t\t\t\t<a href='https:\/\/bigoriginal.cz\/?attachment_id=2044'><img width=\"150\" height=\"150\" src=\"https:\/\/bigoriginal.cz\/wp-content\/uploads\/2023\/02\/b-5D5852-150x150.jpg\" class=\"attachment-thumbnail size-thumbnail\" alt=\"\" decoding=\"async\" loading=\"lazy\" \/><\/a>\n\t\t\t<\/div><\/figure><figure class='gallery-item'>\n\t\t\t<div class='gallery-icon landscape'>\n\t\t\t\t<a href='https:\/\/bigoriginal.cz\/?attachment_id=2045'><img width=\"150\" height=\"150\" src=\"https:\/\/bigoriginal.cz\/wp-content\/uploads\/2023\/02\/b-5D5872-150x150.jpg\" class=\"attachment-thumbnail size-thumbnail\" alt=\"\" decoding=\"async\" loading=\"lazy\" \/><\/a>\n\t\t\t<\/div><\/figure><figure class='gallery-item'>\n\t\t\t<div class='gallery-icon landscape'>\n\t\t\t\t<a href='https:\/\/bigoriginal.cz\/?attachment_id=2046'><img width=\"150\" height=\"150\" src=\"https:\/\/bigoriginal.cz\/wp-content\/uploads\/2023\/02\/b-5D5942-150x150.jpg\" class=\"attachment-thumbnail size-thumbnail\" alt=\"\" decoding=\"async\" loading=\"lazy\" \/><\/a>\n\t\t\t<\/div><\/figure><figure class='gallery-item'>\n\t\t\t<div class='gallery-icon landscape'>\n\t\t\t\t<a href='https:\/\/bigoriginal.cz\/?attachment_id=2047'><img width=\"150\" height=\"150\" src=\"https:\/\/bigoriginal.cz\/wp-content\/uploads\/2023\/02\/b-5D5949-150x150.jpg\" class=\"attachment-thumbnail size-thumbnail\" alt=\"\" decoding=\"async\" loading=\"lazy\" \/><\/a>\n\t\t\t<\/div><\/figure><figure class='gallery-item'>\n\t\t\t<div class='gallery-icon portrait'>\n\t\t\t\t<a href='https:\/\/bigoriginal.cz\/?attachment_id=2048'><img width=\"150\" height=\"150\" src=\"https:\/\/bigoriginal.cz\/wp-content\/uploads\/2023\/02\/b-5D6002-150x150.jpg\" class=\"attachment-thumbnail size-thumbnail\" alt=\"\" decoding=\"async\" loading=\"lazy\" \/><\/a>\n\t\t\t<\/div><\/figure><figure class='gallery-item'>\n\t\t\t<div class='gallery-icon landscape'>\n\t\t\t\t<a href='https:\/\/bigoriginal.cz\/?attachment_id=2049'><img width=\"150\" height=\"150\" src=\"https:\/\/bigoriginal.cz\/wp-content\/uploads\/2023\/02\/b-5D6022-150x150.jpg\" class=\"attachment-thumbnail size-thumbnail\" alt=\"\" decoding=\"async\" loading=\"lazy\" \/><\/a>\n\t\t\t<\/div><\/figure><figure class='gallery-item'>\n\t\t\t<div class='gallery-icon landscape'>\n\t\t\t\t<a href='https:\/\/bigoriginal.cz\/?attachment_id=2050'><img width=\"150\" height=\"150\" src=\"https:\/\/bigoriginal.cz\/wp-content\/uploads\/2023\/02\/b-5D6050-150x150.jpg\" class=\"attachment-thumbnail size-thumbnail\" alt=\"\" decoding=\"async\" loading=\"lazy\" \/><\/a>\n\t\t\t<\/div><\/figure><figure class='gallery-item'>\n\t\t\t<div class='gallery-icon portrait'>\n\t\t\t\t<a href='https:\/\/bigoriginal.cz\/?attachment_id=2051'><img width=\"150\" height=\"150\" src=\"https:\/\/bigoriginal.cz\/wp-content\/uploads\/2023\/02\/b-5D6135-150x150.jpg\" class=\"attachment-thumbnail size-thumbnail\" alt=\"\" decoding=\"async\" loading=\"lazy\" \/><\/a>\n\t\t\t<\/div><\/figure><figure class='gallery-item'>\n\t\t\t<div class='gallery-icon landscape'>\n\t\t\t\t<a href='https:\/\/bigoriginal.cz\/?attachment_id=2052'><img width=\"150\" height=\"150\" src=\"https:\/\/bigoriginal.cz\/wp-content\/uploads\/2023\/02\/b-5D6162-150x150.jpg\" class=\"attachment-thumbnail size-thumbnail\" alt=\"\" decoding=\"async\" loading=\"lazy\" \/><\/a>\n\t\t\t<\/div><\/figure><figure class='gallery-item'>\n\t\t\t<div class='gallery-icon landscape'>\n\t\t\t\t<a href='https:\/\/bigoriginal.cz\/?attachment_id=2053'><img width=\"150\" height=\"150\" src=\"https:\/\/bigoriginal.cz\/wp-content\/uploads\/2023\/02\/b-5D6163-150x150.jpg\" class=\"attachment-thumbnail size-thumbnail\" alt=\"\" decoding=\"async\" loading=\"lazy\" \/><\/a>\n\t\t\t<\/div><\/figure><figure class='gallery-item'>\n\t\t\t<div class='gallery-icon landscape'>\n\t\t\t\t<a href='https:\/\/bigoriginal.cz\/?attachment_id=2054'><img width=\"150\" height=\"150\" src=\"https:\/\/bigoriginal.cz\/wp-content\/uploads\/2023\/02\/b-5D6165-150x150.jpg\" class=\"attachment-thumbnail size-thumbnail\" alt=\"\" decoding=\"async\" loading=\"lazy\" \/><\/a>\n\t\t\t<\/div><\/figure><figure class='gallery-item'>\n\t\t\t<div class='gallery-icon landscape'>\n\t\t\t\t<a href='https:\/\/bigoriginal.cz\/?attachment_id=2055'><img width=\"150\" height=\"150\" src=\"https:\/\/bigoriginal.cz\/wp-content\/uploads\/2023\/02\/b-5D6167-150x150.jpg\" class=\"attachment-thumbnail size-thumbnail\" alt=\"\" decoding=\"async\" loading=\"lazy\" \/><\/a>\n\t\t\t<\/div><\/figure><figure class='gallery-item'>\n\t\t\t<div class='gallery-icon landscape'>\n\t\t\t\t<a href='https:\/\/bigoriginal.cz\/?attachment_id=2056'><img width=\"150\" height=\"150\" src=\"https:\/\/bigoriginal.cz\/wp-content\/uploads\/2023\/02\/b-5D6184-150x150.jpg\" class=\"attachment-thumbnail size-thumbnail\" alt=\"\" decoding=\"async\" loading=\"lazy\" \/><\/a>\n\t\t\t<\/div><\/figure><figure class='gallery-item'>\n\t\t\t<div class='gallery-icon landscape'>\n\t\t\t\t<a href='https:\/\/bigoriginal.cz\/?attachment_id=2057'><img width=\"150\" height=\"150\" src=\"https:\/\/bigoriginal.cz\/wp-content\/uploads\/2023\/02\/b-5D6186-150x150.jpg\" class=\"attachment-thumbnail size-thumbnail\" alt=\"\" decoding=\"async\" loading=\"lazy\" \/><\/a>\n\t\t\t<\/div><\/figure><figure class='gallery-item'>\n\t\t\t<div class='gallery-icon portrait'>\n\t\t\t\t<a href='https:\/\/bigoriginal.cz\/?attachment_id=2058'><img width=\"150\" height=\"150\" src=\"https:\/\/bigoriginal.cz\/wp-content\/uploads\/2023\/02\/b-5D6189-150x150.jpg\" class=\"attachment-thumbnail size-thumbnail\" alt=\"\" decoding=\"async\" loading=\"lazy\" \/><\/a>\n\t\t\t<\/div><\/figure><figure class='gallery-item'>\n\t\t\t<div class='gallery-icon portrait'>\n\t\t\t\t<a href='https:\/\/bigoriginal.cz\/?attachment_id=2059'><img width=\"150\" height=\"150\" src=\"https:\/\/bigoriginal.cz\/wp-content\/uploads\/2023\/02\/b-5D6190-150x150.jpg\" class=\"attachment-thumbnail size-thumbnail\" alt=\"\" decoding=\"async\" loading=\"lazy\" \/><\/a>\n\t\t\t<\/div><\/figure><figure class='gallery-item'>\n\t\t\t<div class='gallery-icon landscape'>\n\t\t\t\t<a href='https:\/\/bigoriginal.cz\/?attachment_id=2060'><img width=\"150\" height=\"150\" src=\"https:\/\/bigoriginal.cz\/wp-content\/uploads\/2023\/02\/b-5D6316-150x150.jpg\" class=\"attachment-thumbnail size-thumbnail\" alt=\"\" decoding=\"async\" loading=\"lazy\" \/><\/a>\n\t\t\t<\/div><\/figure><figure class='gallery-item'>\n\t\t\t<div class='gallery-icon landscape'>\n\t\t\t\t<a href='https:\/\/bigoriginal.cz\/?attachment_id=2061'><img width=\"150\" height=\"150\" src=\"https:\/\/bigoriginal.cz\/wp-content\/uploads\/2023\/02\/b-5D6319-150x150.jpg\" class=\"attachment-thumbnail size-thumbnail\" alt=\"\" decoding=\"async\" loading=\"lazy\" \/><\/a>\n\t\t\t<\/div><\/figure><figure class='gallery-item'>\n\t\t\t<div class='gallery-icon landscape'>\n\t\t\t\t<a href='https:\/\/bigoriginal.cz\/?attachment_id=2062'><img width=\"150\" height=\"150\" src=\"https:\/\/bigoriginal.cz\/wp-content\/uploads\/2023\/02\/b-5D6321-150x150.jpg\" class=\"attachment-thumbnail size-thumbnail\" alt=\"\" decoding=\"async\" loading=\"lazy\" \/><\/a>\n\t\t\t<\/div><\/figure>\n\t\t<\/div>\n\n","protected":false},"excerpt":{"rendered":"<p>Praha, 30. z\u00e1\u0159\u00ed 2007<\/p>\n","protected":false},"author":1,"featured_media":0,"parent":415,"menu_order":9420,"comment_status":"closed","ping_status":"closed","template":"","meta":[],"_links":{"self":[{"href":"https:\/\/bigoriginal.cz\/index.php?rest_route=\/wp\/v2\/pages\/2017"}],"collection":[{"href":"https:\/\/bigoriginal.cz\/index.php?rest_route=\/wp\/v2\/pages"}],"about":[{"href":"https:\/\/bigoriginal.cz\/index.php?rest_route=\/wp\/v2\/types\/page"}],"author":[{"embeddable":true,"href":"https:\/\/bigoriginal.cz\/index.php?rest_route=\/wp\/v2\/users\/1"}],"replies":[{"embeddable":true,"href":"https:\/\/bigoriginal.cz\/index.php?rest_route=%2Fwp%2Fv2%2Fcomments&post=2017"}],"version-history":[{"count":2,"href":"https:\/\/bigoriginal.cz\/index.php?rest_route=\/wp\/v2\/pages\/2017\/revisions"}],"predecessor-version":[{"id":2063,"href":"https:\/\/bigoriginal.cz\/index.php?rest_route=\/wp\/v2\/pages\/2017\/revisions\/2063"}],"up":[{"embeddable":true,"href":"https:\/\/bigoriginal.cz\/index.php?rest_route=\/wp\/v2\/pages\/415"}],"wp:attachment":[{"href":"https:\/\/bigoriginal.cz\/index.php?rest_route=%2Fwp%2Fv2%2Fmedia&parent=2017"}],"curies":[{"name":"wp","href":"https:\/\/api.w.org\/{rel}","templated":true}]}}