{"id":2875,"date":"2023-10-24T11:56:40","date_gmt":"2023-10-24T09:56:40","guid":{"rendered":"https:\/\/bigoriginal.cz\/?page_id=2875"},"modified":"2023-10-24T11:56:40","modified_gmt":"2023-10-24T09:56:40","slug":"jizni-ostrov-2013-a","status":"publish","type":"page","link":"https:\/\/bigoriginal.cz\/?page_id=2875","title":{"rendered":"Ji\u017en\u00ed ostrov 2013 A"},"content":{"rendered":"<h3>Ji\u017en\u00ed ostrov, Nov\u00fd Z\u00e9land, 14. \u00fanora 2013<\/h3>\n<div id='gallery-1' class='gallery galleryid-2875 gallery-columns-3 gallery-size-thumbnail'><figure class='gallery-item'>\n\t\t\t<div class='gallery-icon portrait'>\n\t\t\t\t<a href='https:\/\/bigoriginal.cz\/?attachment_id=2877'><img width=\"150\" height=\"150\" src=\"https:\/\/bigoriginal.cz\/wp-content\/uploads\/2023\/10\/b-5DD20056A-150x150.jpg\" class=\"attachment-thumbnail size-thumbnail\" alt=\"\" decoding=\"async\" loading=\"lazy\" \/><\/a>\n\t\t\t<\/div><\/figure><figure class='gallery-item'>\n\t\t\t<div class='gallery-icon portrait'>\n\t\t\t\t<a href='https:\/\/bigoriginal.cz\/?attachment_id=2878'><img width=\"150\" height=\"150\" src=\"https:\/\/bigoriginal.cz\/wp-content\/uploads\/2023\/10\/b-5DD20066A-150x150.jpg\" class=\"attachment-thumbnail size-thumbnail\" alt=\"\" decoding=\"async\" loading=\"lazy\" \/><\/a>\n\t\t\t<\/div><\/figure><figure class='gallery-item'>\n\t\t\t<div class='gallery-icon landscape'>\n\t\t\t\t<a href='https:\/\/bigoriginal.cz\/?attachment_id=2879'><img width=\"150\" height=\"150\" src=\"https:\/\/bigoriginal.cz\/wp-content\/uploads\/2023\/10\/b-5DD20081A-150x150.jpg\" class=\"attachment-thumbnail size-thumbnail\" alt=\"\" decoding=\"async\" loading=\"lazy\" \/><\/a>\n\t\t\t<\/div><\/figure><figure class='gallery-item'>\n\t\t\t<div class='gallery-icon landscape'>\n\t\t\t\t<a href='https:\/\/bigoriginal.cz\/?attachment_id=2880'><img width=\"150\" height=\"150\" src=\"https:\/\/bigoriginal.cz\/wp-content\/uploads\/2023\/10\/b-5DD20083A-150x150.jpg\" class=\"attachment-thumbnail size-thumbnail\" alt=\"\" decoding=\"async\" loading=\"lazy\" \/><\/a>\n\t\t\t<\/div><\/figure><figure class='gallery-item'>\n\t\t\t<div class='gallery-icon landscape'>\n\t\t\t\t<a href='https:\/\/bigoriginal.cz\/?attachment_id=2881'><img width=\"150\" height=\"150\" src=\"https:\/\/bigoriginal.cz\/wp-content\/uploads\/2023\/10\/b-5DD20090A-150x150.jpg\" class=\"attachment-thumbnail size-thumbnail\" alt=\"\" decoding=\"async\" loading=\"lazy\" \/><\/a>\n\t\t\t<\/div><\/figure><figure class='gallery-item'>\n\t\t\t<div class='gallery-icon landscape'>\n\t\t\t\t<a href='https:\/\/bigoriginal.cz\/?attachment_id=2882'><img width=\"150\" height=\"150\" src=\"https:\/\/bigoriginal.cz\/wp-content\/uploads\/2023\/10\/b-5DD20099A-150x150.jpg\" class=\"attachment-thumbnail size-thumbnail\" alt=\"\" decoding=\"async\" loading=\"lazy\" \/><\/a>\n\t\t\t<\/div><\/figure>\n\t\t<\/div>\n\n","protected":false},"excerpt":{"rendered":"<p>Ji\u017en\u00ed ostrov, Nov\u00fd Z\u00e9land, 14. \u00fanora 2013<\/p>\n","protected":false},"author":1,"featured_media":0,"parent":415,"menu_order":8690,"comment_status":"closed","ping_status":"closed","template":"","meta":[],"_links":{"self":[{"href":"https:\/\/bigoriginal.cz\/index.php?rest_route=\/wp\/v2\/pages\/2875"}],"collection":[{"href":"https:\/\/bigoriginal.cz\/index.php?rest_route=\/wp\/v2\/pages"}],"about":[{"href":"https:\/\/bigoriginal.cz\/index.php?rest_route=\/wp\/v2\/types\/page"}],"author":[{"embeddable":true,"href":"https:\/\/bigoriginal.cz\/index.php?rest_route=\/wp\/v2\/users\/1"}],"replies":[{"embeddable":true,"href":"https:\/\/bigoriginal.cz\/index.php?rest_route=%2Fwp%2Fv2%2Fcomments&post=2875"}],"version-history":[{"count":2,"href":"https:\/\/bigoriginal.cz\/index.php?rest_route=\/wp\/v2\/pages\/2875\/revisions"}],"predecessor-version":[{"id":2883,"href":"https:\/\/bigoriginal.cz\/index.php?rest_route=\/wp\/v2\/pages\/2875\/revisions\/2883"}],"up":[{"embeddable":true,"href":"https:\/\/bigoriginal.cz\/index.php?rest_route=\/wp\/v2\/pages\/415"}],"wp:attachment":[{"href":"https:\/\/bigoriginal.cz\/index.php?rest_route=%2Fwp%2Fv2%2Fmedia&parent=2875"}],"curies":[{"name":"wp","href":"https:\/\/api.w.org\/{rel}","templated":true}]}}