{"id":521,"date":"2022-06-10T16:14:17","date_gmt":"2022-06-10T14:14:17","guid":{"rendered":"http:\/\/bigoriginal.cz\/?page_id=521"},"modified":"2022-06-10T17:14:59","modified_gmt":"2022-06-10T15:14:59","slug":"kapske-mesto-2007-a","status":"publish","type":"page","link":"https:\/\/bigoriginal.cz\/?page_id=521","title":{"rendered":"Kapsk\u00e9 m\u011bsto 2007 A"},"content":{"rendered":"<h3>Kapsk\u00e9 m\u011bsto, Jihoafrick\u00e1 republika, 24. ledna 2007<\/h3>\n<div id='gallery-1' class='gallery galleryid-521 gallery-columns-3 gallery-size-thumbnail'><figure class='gallery-item'>\n\t\t\t<div class='gallery-icon portrait'>\n\t\t\t\t<a href='https:\/\/bigoriginal.cz\/?attachment_id=1098'><img width=\"150\" height=\"150\" src=\"https:\/\/bigoriginal.cz\/wp-content\/uploads\/2022\/06\/b-5D0198-150x150.jpg\" class=\"attachment-thumbnail size-thumbnail\" alt=\"\" decoding=\"async\" loading=\"lazy\" \/><\/a>\n\t\t\t<\/div><\/figure><figure class='gallery-item'>\n\t\t\t<div class='gallery-icon portrait'>\n\t\t\t\t<a href='https:\/\/bigoriginal.cz\/?attachment_id=1099'><img width=\"150\" height=\"150\" src=\"https:\/\/bigoriginal.cz\/wp-content\/uploads\/2022\/06\/b-5D0200-150x150.jpg\" class=\"attachment-thumbnail size-thumbnail\" alt=\"\" decoding=\"async\" loading=\"lazy\" \/><\/a>\n\t\t\t<\/div><\/figure><figure class='gallery-item'>\n\t\t\t<div class='gallery-icon portrait'>\n\t\t\t\t<a href='https:\/\/bigoriginal.cz\/?attachment_id=1100'><img width=\"150\" height=\"150\" src=\"https:\/\/bigoriginal.cz\/wp-content\/uploads\/2022\/06\/b-5D0203-150x150.jpg\" class=\"attachment-thumbnail size-thumbnail\" alt=\"\" decoding=\"async\" loading=\"lazy\" \/><\/a>\n\t\t\t<\/div><\/figure><figure class='gallery-item'>\n\t\t\t<div class='gallery-icon portrait'>\n\t\t\t\t<a href='https:\/\/bigoriginal.cz\/?attachment_id=1101'><img width=\"150\" height=\"150\" src=\"https:\/\/bigoriginal.cz\/wp-content\/uploads\/2022\/06\/b-5D0206-150x150.jpg\" class=\"attachment-thumbnail size-thumbnail\" alt=\"\" decoding=\"async\" loading=\"lazy\" \/><\/a>\n\t\t\t<\/div><\/figure><figure class='gallery-item'>\n\t\t\t<div class='gallery-icon portrait'>\n\t\t\t\t<a href='https:\/\/bigoriginal.cz\/?attachment_id=1102'><img width=\"150\" height=\"150\" src=\"https:\/\/bigoriginal.cz\/wp-content\/uploads\/2022\/06\/b-5D0208-150x150.jpg\" class=\"attachment-thumbnail size-thumbnail\" alt=\"\" decoding=\"async\" loading=\"lazy\" \/><\/a>\n\t\t\t<\/div><\/figure><figure class='gallery-item'>\n\t\t\t<div class='gallery-icon portrait'>\n\t\t\t\t<a href='https:\/\/bigoriginal.cz\/?attachment_id=1103'><img width=\"150\" height=\"150\" src=\"https:\/\/bigoriginal.cz\/wp-content\/uploads\/2022\/06\/b-5D0631-150x150.jpg\" class=\"attachment-thumbnail size-thumbnail\" alt=\"\" decoding=\"async\" loading=\"lazy\" \/><\/a>\n\t\t\t<\/div><\/figure><figure class='gallery-item'>\n\t\t\t<div class='gallery-icon portrait'>\n\t\t\t\t<a href='https:\/\/bigoriginal.cz\/?attachment_id=1104'><img width=\"150\" height=\"150\" src=\"https:\/\/bigoriginal.cz\/wp-content\/uploads\/2022\/06\/b-5D0633-150x150.jpg\" class=\"attachment-thumbnail size-thumbnail\" alt=\"\" decoding=\"async\" loading=\"lazy\" \/><\/a>\n\t\t\t<\/div><\/figure><figure class='gallery-item'>\n\t\t\t<div class='gallery-icon landscape'>\n\t\t\t\t<a href='https:\/\/bigoriginal.cz\/?attachment_id=1105'><img width=\"150\" height=\"150\" src=\"https:\/\/bigoriginal.cz\/wp-content\/uploads\/2022\/06\/b-5D0070-150x150.jpg\" class=\"attachment-thumbnail size-thumbnail\" alt=\"\" decoding=\"async\" loading=\"lazy\" \/><\/a>\n\t\t\t<\/div><\/figure><figure class='gallery-item'>\n\t\t\t<div class='gallery-icon landscape'>\n\t\t\t\t<a href='https:\/\/bigoriginal.cz\/?attachment_id=1106'><img width=\"150\" height=\"150\" src=\"https:\/\/bigoriginal.cz\/wp-content\/uploads\/2022\/06\/b-5D0072-150x150.jpg\" class=\"attachment-thumbnail size-thumbnail\" alt=\"\" decoding=\"async\" loading=\"lazy\" \/><\/a>\n\t\t\t<\/div><\/figure><figure class='gallery-item'>\n\t\t\t<div class='gallery-icon landscape'>\n\t\t\t\t<a href='https:\/\/bigoriginal.cz\/?attachment_id=1107'><img width=\"150\" height=\"150\" src=\"https:\/\/bigoriginal.cz\/wp-content\/uploads\/2022\/06\/b-5D0080-150x150.jpg\" class=\"attachment-thumbnail size-thumbnail\" alt=\"\" decoding=\"async\" loading=\"lazy\" \/><\/a>\n\t\t\t<\/div><\/figure><figure class='gallery-item'>\n\t\t\t<div class='gallery-icon portrait'>\n\t\t\t\t<a href='https:\/\/bigoriginal.cz\/?attachment_id=1108'><img width=\"150\" height=\"150\" src=\"https:\/\/bigoriginal.cz\/wp-content\/uploads\/2022\/06\/b-5D0087-150x150.jpg\" class=\"attachment-thumbnail size-thumbnail\" alt=\"\" decoding=\"async\" loading=\"lazy\" \/><\/a>\n\t\t\t<\/div><\/figure><figure class='gallery-item'>\n\t\t\t<div class='gallery-icon portrait'>\n\t\t\t\t<a href='https:\/\/bigoriginal.cz\/?attachment_id=1109'><img width=\"150\" height=\"150\" src=\"https:\/\/bigoriginal.cz\/wp-content\/uploads\/2022\/06\/b-5D0089-150x150.jpg\" class=\"attachment-thumbnail size-thumbnail\" alt=\"\" decoding=\"async\" loading=\"lazy\" \/><\/a>\n\t\t\t<\/div><\/figure><figure class='gallery-item'>\n\t\t\t<div class='gallery-icon portrait'>\n\t\t\t\t<a href='https:\/\/bigoriginal.cz\/?attachment_id=1110'><img width=\"150\" height=\"150\" src=\"https:\/\/bigoriginal.cz\/wp-content\/uploads\/2022\/06\/b-5D0101-150x150.jpg\" class=\"attachment-thumbnail size-thumbnail\" alt=\"\" decoding=\"async\" loading=\"lazy\" \/><\/a>\n\t\t\t<\/div><\/figure><figure class='gallery-item'>\n\t\t\t<div class='gallery-icon landscape'>\n\t\t\t\t<a href='https:\/\/bigoriginal.cz\/?attachment_id=1111'><img width=\"150\" height=\"150\" src=\"https:\/\/bigoriginal.cz\/wp-content\/uploads\/2022\/06\/b-5D0108-150x150.jpg\" class=\"attachment-thumbnail size-thumbnail\" alt=\"\" decoding=\"async\" loading=\"lazy\" \/><\/a>\n\t\t\t<\/div><\/figure><figure class='gallery-item'>\n\t\t\t<div class='gallery-icon landscape'>\n\t\t\t\t<a href='https:\/\/bigoriginal.cz\/?attachment_id=1112'><img width=\"150\" height=\"150\" src=\"https:\/\/bigoriginal.cz\/wp-content\/uploads\/2022\/06\/b-5D0109-150x150.jpg\" class=\"attachment-thumbnail size-thumbnail\" alt=\"\" decoding=\"async\" loading=\"lazy\" \/><\/a>\n\t\t\t<\/div><\/figure><figure class='gallery-item'>\n\t\t\t<div class='gallery-icon landscape'>\n\t\t\t\t<a href='https:\/\/bigoriginal.cz\/?attachment_id=1113'><img width=\"150\" height=\"150\" src=\"https:\/\/bigoriginal.cz\/wp-content\/uploads\/2022\/06\/b-5D0110-150x150.jpg\" class=\"attachment-thumbnail size-thumbnail\" alt=\"\" decoding=\"async\" loading=\"lazy\" \/><\/a>\n\t\t\t<\/div><\/figure><figure class='gallery-item'>\n\t\t\t<div class='gallery-icon landscape'>\n\t\t\t\t<a href='https:\/\/bigoriginal.cz\/?attachment_id=1114'><img width=\"150\" height=\"150\" src=\"https:\/\/bigoriginal.cz\/wp-content\/uploads\/2022\/06\/b-5D0112-150x150.jpg\" class=\"attachment-thumbnail size-thumbnail\" alt=\"\" decoding=\"async\" loading=\"lazy\" \/><\/a>\n\t\t\t<\/div><\/figure><figure class='gallery-item'>\n\t\t\t<div class='gallery-icon landscape'>\n\t\t\t\t<a href='https:\/\/bigoriginal.cz\/?attachment_id=1115'><img width=\"150\" height=\"150\" src=\"https:\/\/bigoriginal.cz\/wp-content\/uploads\/2022\/06\/b-5D0114-150x150.jpg\" class=\"attachment-thumbnail size-thumbnail\" alt=\"\" decoding=\"async\" loading=\"lazy\" \/><\/a>\n\t\t\t<\/div><\/figure><figure class='gallery-item'>\n\t\t\t<div class='gallery-icon landscape'>\n\t\t\t\t<a href='https:\/\/bigoriginal.cz\/?attachment_id=1116'><img width=\"150\" height=\"150\" src=\"https:\/\/bigoriginal.cz\/wp-content\/uploads\/2022\/06\/b-5D0116-150x150.jpg\" class=\"attachment-thumbnail size-thumbnail\" alt=\"\" decoding=\"async\" loading=\"lazy\" \/><\/a>\n\t\t\t<\/div><\/figure><figure class='gallery-item'>\n\t\t\t<div class='gallery-icon landscape'>\n\t\t\t\t<a href='https:\/\/bigoriginal.cz\/?attachment_id=1117'><img width=\"150\" height=\"150\" src=\"https:\/\/bigoriginal.cz\/wp-content\/uploads\/2022\/06\/b-5D0117-150x150.jpg\" class=\"attachment-thumbnail size-thumbnail\" alt=\"\" decoding=\"async\" loading=\"lazy\" \/><\/a>\n\t\t\t<\/div><\/figure><figure class='gallery-item'>\n\t\t\t<div class='gallery-icon landscape'>\n\t\t\t\t<a href='https:\/\/bigoriginal.cz\/?attachment_id=1118'><img width=\"150\" height=\"150\" src=\"https:\/\/bigoriginal.cz\/wp-content\/uploads\/2022\/06\/b-5D0119-150x150.jpg\" class=\"attachment-thumbnail size-thumbnail\" alt=\"\" decoding=\"async\" loading=\"lazy\" \/><\/a>\n\t\t\t<\/div><\/figure><figure class='gallery-item'>\n\t\t\t<div class='gallery-icon portrait'>\n\t\t\t\t<a href='https:\/\/bigoriginal.cz\/?attachment_id=1119'><img width=\"150\" height=\"150\" src=\"https:\/\/bigoriginal.cz\/wp-content\/uploads\/2022\/06\/b-5D0120-150x150.jpg\" class=\"attachment-thumbnail size-thumbnail\" alt=\"\" decoding=\"async\" loading=\"lazy\" \/><\/a>\n\t\t\t<\/div><\/figure><figure class='gallery-item'>\n\t\t\t<div class='gallery-icon landscape'>\n\t\t\t\t<a href='https:\/\/bigoriginal.cz\/?attachment_id=1120'><img width=\"150\" height=\"150\" src=\"https:\/\/bigoriginal.cz\/wp-content\/uploads\/2022\/06\/b-5D0122-150x150.jpg\" class=\"attachment-thumbnail size-thumbnail\" alt=\"\" decoding=\"async\" loading=\"lazy\" \/><\/a>\n\t\t\t<\/div><\/figure><figure class='gallery-item'>\n\t\t\t<div class='gallery-icon landscape'>\n\t\t\t\t<a href='https:\/\/bigoriginal.cz\/?attachment_id=1121'><img width=\"150\" height=\"150\" src=\"https:\/\/bigoriginal.cz\/wp-content\/uploads\/2022\/06\/b-5D0124-150x150.jpg\" class=\"attachment-thumbnail size-thumbnail\" alt=\"\" decoding=\"async\" loading=\"lazy\" \/><\/a>\n\t\t\t<\/div><\/figure><figure class='gallery-item'>\n\t\t\t<div class='gallery-icon portrait'>\n\t\t\t\t<a href='https:\/\/bigoriginal.cz\/?attachment_id=1122'><img width=\"150\" height=\"150\" src=\"https:\/\/bigoriginal.cz\/wp-content\/uploads\/2022\/06\/b-5D0128-150x150.jpg\" class=\"attachment-thumbnail size-thumbnail\" alt=\"\" decoding=\"async\" loading=\"lazy\" \/><\/a>\n\t\t\t<\/div><\/figure><figure class='gallery-item'>\n\t\t\t<div class='gallery-icon portrait'>\n\t\t\t\t<a href='https:\/\/bigoriginal.cz\/?attachment_id=1123'><img width=\"150\" height=\"150\" src=\"https:\/\/bigoriginal.cz\/wp-content\/uploads\/2022\/06\/b-5D0135-150x150.jpg\" class=\"attachment-thumbnail size-thumbnail\" alt=\"\" decoding=\"async\" loading=\"lazy\" \/><\/a>\n\t\t\t<\/div><\/figure><figure class='gallery-item'>\n\t\t\t<div class='gallery-icon portrait'>\n\t\t\t\t<a href='https:\/\/bigoriginal.cz\/?attachment_id=1124'><img width=\"150\" height=\"150\" src=\"https:\/\/bigoriginal.cz\/wp-content\/uploads\/2022\/06\/b-5D0137-150x150.jpg\" class=\"attachment-thumbnail size-thumbnail\" alt=\"\" decoding=\"async\" loading=\"lazy\" \/><\/a>\n\t\t\t<\/div><\/figure><figure class='gallery-item'>\n\t\t\t<div class='gallery-icon portrait'>\n\t\t\t\t<a href='https:\/\/bigoriginal.cz\/?attachment_id=1125'><img width=\"150\" height=\"150\" src=\"https:\/\/bigoriginal.cz\/wp-content\/uploads\/2022\/06\/b-5D0140-150x150.jpg\" class=\"attachment-thumbnail size-thumbnail\" alt=\"\" decoding=\"async\" loading=\"lazy\" \/><\/a>\n\t\t\t<\/div><\/figure><figure class='gallery-item'>\n\t\t\t<div class='gallery-icon portrait'>\n\t\t\t\t<a href='https:\/\/bigoriginal.cz\/?attachment_id=1126'><img width=\"150\" height=\"150\" src=\"https:\/\/bigoriginal.cz\/wp-content\/uploads\/2022\/06\/b-5D0141-150x150.jpg\" class=\"attachment-thumbnail size-thumbnail\" alt=\"\" decoding=\"async\" loading=\"lazy\" \/><\/a>\n\t\t\t<\/div><\/figure><figure class='gallery-item'>\n\t\t\t<div class='gallery-icon portrait'>\n\t\t\t\t<a href='https:\/\/bigoriginal.cz\/?attachment_id=1127'><img width=\"150\" height=\"150\" src=\"https:\/\/bigoriginal.cz\/wp-content\/uploads\/2022\/06\/b-5D0145-150x150.jpg\" class=\"attachment-thumbnail size-thumbnail\" alt=\"\" decoding=\"async\" loading=\"lazy\" \/><\/a>\n\t\t\t<\/div><\/figure><figure class='gallery-item'>\n\t\t\t<div class='gallery-icon portrait'>\n\t\t\t\t<a href='https:\/\/bigoriginal.cz\/?attachment_id=1128'><img width=\"150\" height=\"150\" src=\"https:\/\/bigoriginal.cz\/wp-content\/uploads\/2022\/06\/b-5D0147-150x150.jpg\" class=\"attachment-thumbnail size-thumbnail\" alt=\"\" decoding=\"async\" loading=\"lazy\" \/><\/a>\n\t\t\t<\/div><\/figure><figure class='gallery-item'>\n\t\t\t<div class='gallery-icon portrait'>\n\t\t\t\t<a href='https:\/\/bigoriginal.cz\/?attachment_id=1129'><img width=\"150\" height=\"150\" src=\"https:\/\/bigoriginal.cz\/wp-content\/uploads\/2022\/06\/b-5D0148-150x150.jpg\" class=\"attachment-thumbnail size-thumbnail\" alt=\"\" decoding=\"async\" loading=\"lazy\" \/><\/a>\n\t\t\t<\/div><\/figure><figure class='gallery-item'>\n\t\t\t<div class='gallery-icon portrait'>\n\t\t\t\t<a href='https:\/\/bigoriginal.cz\/?attachment_id=1130'><img width=\"150\" height=\"150\" src=\"https:\/\/bigoriginal.cz\/wp-content\/uploads\/2022\/06\/b-5D0150-150x150.jpg\" class=\"attachment-thumbnail size-thumbnail\" alt=\"\" decoding=\"async\" loading=\"lazy\" \/><\/a>\n\t\t\t<\/div><\/figure><figure class='gallery-item'>\n\t\t\t<div class='gallery-icon portrait'>\n\t\t\t\t<a href='https:\/\/bigoriginal.cz\/?attachment_id=1131'><img width=\"150\" height=\"150\" src=\"https:\/\/bigoriginal.cz\/wp-content\/uploads\/2022\/06\/b-5D0151-150x150.jpg\" class=\"attachment-thumbnail size-thumbnail\" alt=\"\" decoding=\"async\" loading=\"lazy\" \/><\/a>\n\t\t\t<\/div><\/figure><figure class='gallery-item'>\n\t\t\t<div class='gallery-icon portrait'>\n\t\t\t\t<a href='https:\/\/bigoriginal.cz\/?attachment_id=1132'><img width=\"150\" height=\"150\" src=\"https:\/\/bigoriginal.cz\/wp-content\/uploads\/2022\/06\/b-5D0157-150x150.jpg\" class=\"attachment-thumbnail size-thumbnail\" alt=\"\" decoding=\"async\" loading=\"lazy\" \/><\/a>\n\t\t\t<\/div><\/figure><figure class='gallery-item'>\n\t\t\t<div class='gallery-icon portrait'>\n\t\t\t\t<a href='https:\/\/bigoriginal.cz\/?attachment_id=1133'><img width=\"150\" height=\"150\" src=\"https:\/\/bigoriginal.cz\/wp-content\/uploads\/2022\/06\/b-5D0160-150x150.jpg\" class=\"attachment-thumbnail size-thumbnail\" alt=\"\" decoding=\"async\" loading=\"lazy\" \/><\/a>\n\t\t\t<\/div><\/figure><figure class='gallery-item'>\n\t\t\t<div class='gallery-icon landscape'>\n\t\t\t\t<a href='https:\/\/bigoriginal.cz\/?attachment_id=1134'><img width=\"150\" height=\"150\" src=\"https:\/\/bigoriginal.cz\/wp-content\/uploads\/2022\/06\/b-5D0164-150x150.jpg\" class=\"attachment-thumbnail size-thumbnail\" alt=\"\" decoding=\"async\" loading=\"lazy\" \/><\/a>\n\t\t\t<\/div><\/figure><figure class='gallery-item'>\n\t\t\t<div class='gallery-icon landscape'>\n\t\t\t\t<a href='https:\/\/bigoriginal.cz\/?attachment_id=1135'><img width=\"150\" height=\"150\" src=\"https:\/\/bigoriginal.cz\/wp-content\/uploads\/2022\/06\/b-5D0167-150x150.jpg\" class=\"attachment-thumbnail size-thumbnail\" alt=\"\" decoding=\"async\" loading=\"lazy\" \/><\/a>\n\t\t\t<\/div><\/figure><figure class='gallery-item'>\n\t\t\t<div class='gallery-icon landscape'>\n\t\t\t\t<a href='https:\/\/bigoriginal.cz\/?attachment_id=1136'><img width=\"150\" height=\"150\" src=\"https:\/\/bigoriginal.cz\/wp-content\/uploads\/2022\/06\/b-5D0174-150x150.jpg\" class=\"attachment-thumbnail size-thumbnail\" alt=\"\" decoding=\"async\" loading=\"lazy\" \/><\/a>\n\t\t\t<\/div><\/figure><figure class='gallery-item'>\n\t\t\t<div class='gallery-icon landscape'>\n\t\t\t\t<a href='https:\/\/bigoriginal.cz\/?attachment_id=1137'><img width=\"150\" height=\"150\" src=\"https:\/\/bigoriginal.cz\/wp-content\/uploads\/2022\/06\/b-5D0179-150x150.jpg\" class=\"attachment-thumbnail size-thumbnail\" alt=\"\" decoding=\"async\" loading=\"lazy\" \/><\/a>\n\t\t\t<\/div><\/figure><figure class='gallery-item'>\n\t\t\t<div class='gallery-icon landscape'>\n\t\t\t\t<a href='https:\/\/bigoriginal.cz\/?attachment_id=1138'><img width=\"150\" height=\"150\" src=\"https:\/\/bigoriginal.cz\/wp-content\/uploads\/2022\/06\/b-5D0180-150x150.jpg\" class=\"attachment-thumbnail size-thumbnail\" alt=\"\" decoding=\"async\" loading=\"lazy\" \/><\/a>\n\t\t\t<\/div><\/figure><figure class='gallery-item'>\n\t\t\t<div class='gallery-icon portrait'>\n\t\t\t\t<a href='https:\/\/bigoriginal.cz\/?attachment_id=1139'><img width=\"150\" height=\"150\" src=\"https:\/\/bigoriginal.cz\/wp-content\/uploads\/2022\/06\/b-5D0188-150x150.jpg\" class=\"attachment-thumbnail size-thumbnail\" alt=\"\" decoding=\"async\" loading=\"lazy\" \/><\/a>\n\t\t\t<\/div><\/figure><figure class='gallery-item'>\n\t\t\t<div class='gallery-icon portrait'>\n\t\t\t\t<a href='https:\/\/bigoriginal.cz\/?attachment_id=1140'><img width=\"150\" height=\"150\" src=\"https:\/\/bigoriginal.cz\/wp-content\/uploads\/2022\/06\/b-5D0191-150x150.jpg\" class=\"attachment-thumbnail size-thumbnail\" alt=\"\" decoding=\"async\" loading=\"lazy\" \/><\/a>\n\t\t\t<\/div><\/figure><figure class='gallery-item'>\n\t\t\t<div class='gallery-icon portrait'>\n\t\t\t\t<a href='https:\/\/bigoriginal.cz\/?attachment_id=1141'><img width=\"150\" height=\"150\" src=\"https:\/\/bigoriginal.cz\/wp-content\/uploads\/2022\/06\/b-5D0194-150x150.jpg\" class=\"attachment-thumbnail size-thumbnail\" alt=\"\" decoding=\"async\" loading=\"lazy\" \/><\/a>\n\t\t\t<\/div><\/figure><figure class='gallery-item'>\n\t\t\t<div class='gallery-icon portrait'>\n\t\t\t\t<a href='https:\/\/bigoriginal.cz\/?attachment_id=1142'><img width=\"150\" height=\"150\" src=\"https:\/\/bigoriginal.cz\/wp-content\/uploads\/2022\/06\/b-5D0196-150x150.jpg\" class=\"attachment-thumbnail size-thumbnail\" alt=\"\" decoding=\"async\" loading=\"lazy\" \/><\/a>\n\t\t\t<\/div><\/figure><figure class='gallery-item'>\n\t\t\t<div class='gallery-icon portrait'>\n\t\t\t\t<a href='https:\/\/bigoriginal.cz\/?attachment_id=1143'><img width=\"150\" height=\"150\" src=\"https:\/\/bigoriginal.cz\/wp-content\/uploads\/2022\/06\/b-5D0197-150x150.jpg\" class=\"attachment-thumbnail size-thumbnail\" alt=\"\" decoding=\"async\" loading=\"lazy\" \/><\/a>\n\t\t\t<\/div><\/figure>\n\t\t<\/div>\n\n<h3 style=\"text-align: center;\"><\/h3>\n<p>&nbsp;<\/p>\n","protected":false},"excerpt":{"rendered":"<p>Kapsk\u00e9 m\u011bsto, Jihoafrick\u00e1 republika, 24. ledna 2007 &nbsp;<\/p>\n","protected":false},"author":1,"featured_media":0,"parent":415,"menu_order":9488,"comment_status":"closed","ping_status":"closed","template":"","meta":[],"_links":{"self":[{"href":"https:\/\/bigoriginal.cz\/index.php?rest_route=\/wp\/v2\/pages\/521"}],"collection":[{"href":"https:\/\/bigoriginal.cz\/index.php?rest_route=\/wp\/v2\/pages"}],"about":[{"href":"https:\/\/bigoriginal.cz\/index.php?rest_route=\/wp\/v2\/types\/page"}],"author":[{"embeddable":true,"href":"https:\/\/bigoriginal.cz\/index.php?rest_route=\/wp\/v2\/users\/1"}],"replies":[{"embeddable":true,"href":"https:\/\/bigoriginal.cz\/index.php?rest_route=%2Fwp%2Fv2%2Fcomments&post=521"}],"version-history":[{"count":2,"href":"https:\/\/bigoriginal.cz\/index.php?rest_route=\/wp\/v2\/pages\/521\/revisions"}],"predecessor-version":[{"id":1144,"href":"https:\/\/bigoriginal.cz\/index.php?rest_route=\/wp\/v2\/pages\/521\/revisions\/1144"}],"up":[{"embeddable":true,"href":"https:\/\/bigoriginal.cz\/index.php?rest_route=\/wp\/v2\/pages\/415"}],"wp:attachment":[{"href":"https:\/\/bigoriginal.cz\/index.php?rest_route=%2Fwp%2Fv2%2Fmedia&parent=521"}],"curies":[{"name":"wp","href":"https:\/\/api.w.org\/{rel}","templated":true}]}}